{"id":28857,"date":"2020-03-08T19:02:40","date_gmt":"2020-03-08T18:02:40","guid":{"rendered":"http:\/\/simond.ch\/recettes\/?page_id=28857"},"modified":"2020-06-01T12:53:37","modified_gmt":"2020-06-01T10:53:37","slug":"pains-pates","status":"publish","type":"page","link":"https:\/\/simond.ch\/recettes\/pains-pates\/","title":{"rendered":"Boulangerie"},"content":{"rendered":"<ul class=\"wp-block-latest-posts__list is-grid columns-2 wp-block-latest-posts\"><li><div class=\"wp-block-latest-posts__featured-image alignleft\"><img loading=\"lazy\" decoding=\"async\" width=\"150\" height=\"150\" src=\"https:\/\/simond.ch\/recettes\/wp-content\/uploads\/2020\/06\/Buns-150x150.jpg\" class=\"attachment-thumbnail size-thumbnail wp-post-image\" alt=\"\" style=\"\" srcset=\"https:\/\/simond.ch\/recettes\/wp-content\/uploads\/2020\/06\/Buns-150x150.jpg 150w, https:\/\/simond.ch\/recettes\/wp-content\/uploads\/2020\/06\/Buns-100x100.jpg 100w\" sizes=\"auto, 100vw\" \/><\/div><a class=\"wp-block-latest-posts__post-title\" href=\"https:\/\/simond.ch\/recettes\/buns-gros-de-vaud\/\">Buns \u00ab\u00a0Gros-de-Vaud\u00a0\u00bb<\/a><\/li>\n<li><div class=\"wp-block-latest-posts__featured-image alignleft\"><img loading=\"lazy\" decoding=\"async\" width=\"150\" height=\"150\" src=\"https:\/\/simond.ch\/recettes\/wp-content\/uploads\/2020\/06\/BunsProvencaux-150x150.jpg\" class=\"attachment-thumbnail size-thumbnail wp-post-image\" alt=\"\" style=\"\" srcset=\"https:\/\/simond.ch\/recettes\/wp-content\/uploads\/2020\/06\/BunsProvencaux-150x150.jpg 150w, https:\/\/simond.ch\/recettes\/wp-content\/uploads\/2020\/06\/BunsProvencaux-100x100.jpg 100w\" sizes=\"auto, 100vw\" \/><\/div><a class=\"wp-block-latest-posts__post-title\" href=\"https:\/\/simond.ch\/recettes\/buns-provencaux\/\">Buns proven\u00e7aux<\/a><\/li>\n<li><div class=\"wp-block-latest-posts__featured-image alignleft\"><img loading=\"lazy\" decoding=\"async\" width=\"150\" height=\"150\" src=\"https:\/\/simond.ch\/recettes\/wp-content\/uploads\/2020\/04\/IMG_20200419_100806-150x150.jpg\" class=\"attachment-thumbnail size-thumbnail wp-post-image\" alt=\"\" style=\"\" srcset=\"https:\/\/simond.ch\/recettes\/wp-content\/uploads\/2020\/04\/IMG_20200419_100806-150x150.jpg 150w, https:\/\/simond.ch\/recettes\/wp-content\/uploads\/2020\/04\/IMG_20200419_100806-100x100.jpg 100w\" sizes=\"auto, 100vw\" \/><\/div><a class=\"wp-block-latest-posts__post-title\" href=\"https:\/\/simond.ch\/recettes\/cuchaule-au-citron-taillaule\/\">Cuchaule au citron (Taillaule)<\/a><\/li>\n<li><div class=\"wp-block-latest-posts__featured-image alignleft\"><img loading=\"lazy\" decoding=\"async\" width=\"150\" height=\"150\" src=\"https:\/\/simond.ch\/recettes\/wp-content\/uploads\/2025\/01\/20241231_194445-1-150x150.jpg\" class=\"attachment-thumbnail size-thumbnail wp-post-image\" alt=\"\" style=\"\" srcset=\"https:\/\/simond.ch\/recettes\/wp-content\/uploads\/2025\/01\/20241231_194445-1-150x150.jpg 150w, https:\/\/simond.ch\/recettes\/wp-content\/uploads\/2025\/01\/20241231_194445-1-100x100.jpg 100w\" sizes=\"auto, 100vw\" \/><\/div><a class=\"wp-block-latest-posts__post-title\" href=\"https:\/\/simond.ch\/recettes\/flammekueche\/\">Flammekueche<\/a><\/li>\n<li><div class=\"wp-block-latest-posts__featured-image alignleft\"><img loading=\"lazy\" decoding=\"async\" width=\"150\" height=\"150\" src=\"https:\/\/simond.ch\/recettes\/wp-content\/uploads\/2020\/04\/GaletteDesRois-150x150.jpg\" class=\"attachment-thumbnail size-thumbnail wp-post-image\" alt=\"\" style=\"\" srcset=\"https:\/\/simond.ch\/recettes\/wp-content\/uploads\/2020\/04\/GaletteDesRois-150x150.jpg 150w, https:\/\/simond.ch\/recettes\/wp-content\/uploads\/2020\/04\/GaletteDesRois-100x100.jpg 100w\" sizes=\"auto, 100vw\" \/><\/div><a class=\"wp-block-latest-posts__post-title\" href=\"https:\/\/simond.ch\/recettes\/galette-des-rois\/\">Galette des Rois<\/a><\/li>\n<li><div class=\"wp-block-latest-posts__featured-image alignleft\"><img loading=\"lazy\" decoding=\"async\" width=\"150\" height=\"150\" src=\"https:\/\/simond.ch\/recettes\/wp-content\/uploads\/2021\/05\/Gaufres-1-150x150.jpg\" class=\"attachment-thumbnail size-thumbnail wp-post-image\" alt=\"\" style=\"\" srcset=\"https:\/\/simond.ch\/recettes\/wp-content\/uploads\/2021\/05\/Gaufres-1-150x150.jpg 150w, https:\/\/simond.ch\/recettes\/wp-content\/uploads\/2021\/05\/Gaufres-1-300x300.jpg 300w, https:\/\/simond.ch\/recettes\/wp-content\/uploads\/2021\/05\/Gaufres-1-1024x1024.jpg 1024w, https:\/\/simond.ch\/recettes\/wp-content\/uploads\/2021\/05\/Gaufres-1-768x768.jpg 768w, https:\/\/simond.ch\/recettes\/wp-content\/uploads\/2021\/05\/Gaufres-1-1536x1536.jpg 1536w, https:\/\/simond.ch\/recettes\/wp-content\/uploads\/2021\/05\/Gaufres-1-2048x2048.jpg 2048w, https:\/\/simond.ch\/recettes\/wp-content\/uploads\/2021\/05\/Gaufres-1-100x100.jpg 100w\" sizes=\"auto, 100vw\" \/><\/div><a class=\"wp-block-latest-posts__post-title\" href=\"https:\/\/simond.ch\/recettes\/gaufres\/\">Gaufres<\/a><\/li>\n<li><div class=\"wp-block-latest-posts__featured-image alignleft\"><img loading=\"lazy\" decoding=\"async\" width=\"150\" height=\"150\" src=\"https:\/\/simond.ch\/recettes\/wp-content\/uploads\/2020\/03\/IMG_20200521_101347-150x150.jpg\" class=\"attachment-thumbnail size-thumbnail wp-post-image\" alt=\"\" style=\"\" srcset=\"https:\/\/simond.ch\/recettes\/wp-content\/uploads\/2020\/03\/IMG_20200521_101347-150x150.jpg 150w, https:\/\/simond.ch\/recettes\/wp-content\/uploads\/2020\/03\/IMG_20200521_101347-100x100.jpg 100w\" sizes=\"auto, 100vw\" \/><\/div><a class=\"wp-block-latest-posts__post-title\" href=\"https:\/\/simond.ch\/recettes\/pain-au-levain-rapide\/\">Pain au \u00ab\u00a0levain rapide\u00a0\u00bb<\/a><\/li>\n<li><div class=\"wp-block-latest-posts__featured-image alignleft\"><img loading=\"lazy\" decoding=\"async\" width=\"150\" height=\"150\" src=\"https:\/\/simond.ch\/recettes\/wp-content\/uploads\/2020\/04\/pain-150x150.jpg\" class=\"attachment-thumbnail size-thumbnail wp-post-image\" alt=\"\" style=\"\" srcset=\"https:\/\/simond.ch\/recettes\/wp-content\/uploads\/2020\/04\/pain-150x150.jpg 150w, https:\/\/simond.ch\/recettes\/wp-content\/uploads\/2020\/04\/pain-100x100.jpg 100w\" sizes=\"auto, 100vw\" \/><\/div><a class=\"wp-block-latest-posts__post-title\" href=\"https:\/\/simond.ch\/recettes\/pain-de-mie\/\">Pain de mie<\/a><\/li>\n<li><div class=\"wp-block-latest-posts__featured-image alignleft\"><img loading=\"lazy\" decoding=\"async\" width=\"150\" height=\"150\" src=\"https:\/\/simond.ch\/recettes\/wp-content\/uploads\/2020\/04\/PainTessinois-150x150.jpg\" class=\"attachment-thumbnail size-thumbnail wp-post-image\" alt=\"\" style=\"\" srcset=\"https:\/\/simond.ch\/recettes\/wp-content\/uploads\/2020\/04\/PainTessinois-150x150.jpg 150w, https:\/\/simond.ch\/recettes\/wp-content\/uploads\/2020\/04\/PainTessinois-100x100.jpg 100w\" sizes=\"auto, 100vw\" \/><\/div><a class=\"wp-block-latest-posts__post-title\" href=\"https:\/\/simond.ch\/recettes\/pain-tessinois-pain-toast\/\">Pain tessinois\/Pain toast<\/a><\/li>\n<li><div class=\"wp-block-latest-posts__featured-image alignleft\"><img loading=\"lazy\" decoding=\"async\" width=\"150\" height=\"150\" src=\"https:\/\/simond.ch\/recettes\/wp-content\/uploads\/2020\/04\/PainFiguesNoix-150x150.jpg\" class=\"attachment-thumbnail size-thumbnail wp-post-image\" alt=\"\" style=\"\" srcset=\"https:\/\/simond.ch\/recettes\/wp-content\/uploads\/2020\/04\/PainFiguesNoix-150x150.jpg 150w, https:\/\/simond.ch\/recettes\/wp-content\/uploads\/2020\/04\/PainFiguesNoix-100x100.jpg 100w\" sizes=\"auto, 100vw\" \/><\/div><a class=\"wp-block-latest-posts__post-title\" href=\"https:\/\/simond.ch\/recettes\/pain-toast-aux-figues-et-aux-noix\/\">Pain toast aux figues et aux noix<\/a><\/li>\n<li><div class=\"wp-block-latest-posts__featured-image alignleft\"><img loading=\"lazy\" decoding=\"async\" width=\"150\" height=\"150\" src=\"https:\/\/simond.ch\/recettes\/wp-content\/uploads\/2025\/12\/20251224_133902-150x150.jpg\" class=\"attachment-thumbnail size-thumbnail wp-post-image\" alt=\"\" style=\"\" srcset=\"https:\/\/simond.ch\/recettes\/wp-content\/uploads\/2025\/12\/20251224_133902-150x150.jpg 150w, https:\/\/simond.ch\/recettes\/wp-content\/uploads\/2025\/12\/20251224_133902-100x100.jpg 100w\" sizes=\"auto, 100vw\" \/><\/div><a class=\"wp-block-latest-posts__post-title\" href=\"https:\/\/simond.ch\/recettes\/pains-pitta\/\">Pains pitas<\/a><\/li>\n<li><div class=\"wp-block-latest-posts__featured-image alignleft\"><img loading=\"lazy\" decoding=\"async\" width=\"150\" height=\"150\" src=\"https:\/\/simond.ch\/recettes\/wp-content\/uploads\/2020\/04\/20240520_100511-150x150.jpg\" class=\"attachment-thumbnail size-thumbnail wp-post-image\" alt=\"\" style=\"\" srcset=\"https:\/\/simond.ch\/recettes\/wp-content\/uploads\/2020\/04\/20240520_100511-150x150.jpg 150w, https:\/\/simond.ch\/recettes\/wp-content\/uploads\/2020\/04\/20240520_100511-100x100.jpg 100w\" sizes=\"auto, 100vw\" \/><\/div><a class=\"wp-block-latest-posts__post-title\" href=\"https:\/\/simond.ch\/recettes\/pancakes\/\">Pancakes<\/a><\/li>\n<li><div class=\"wp-block-latest-posts__featured-image alignleft\"><img loading=\"lazy\" decoding=\"async\" width=\"150\" height=\"150\" src=\"https:\/\/simond.ch\/recettes\/wp-content\/uploads\/2020\/04\/blankCuisinier-150x150.png\" class=\"attachment-thumbnail size-thumbnail wp-post-image\" alt=\"\" style=\"\" srcset=\"https:\/\/simond.ch\/recettes\/wp-content\/uploads\/2020\/04\/blankCuisinier.png 150w, https:\/\/simond.ch\/recettes\/wp-content\/uploads\/2020\/04\/blankCuisinier-100x100.png 100w\" sizes=\"auto, 100vw\" \/><\/div><a class=\"wp-block-latest-posts__post-title\" href=\"https:\/\/simond.ch\/recettes\/pate-a-gateau-brisee\/\">P\u00e2te \u00e0 g\u00e2teau bris\u00e9e<\/a><\/li>\n<li><div class=\"wp-block-latest-posts__featured-image alignleft\"><img loading=\"lazy\" decoding=\"async\" width=\"150\" height=\"150\" src=\"https:\/\/simond.ch\/recettes\/wp-content\/uploads\/2020\/04\/20231231_144253-1-150x150.jpg\" class=\"attachment-thumbnail size-thumbnail wp-post-image\" alt=\"\" style=\"\" srcset=\"https:\/\/simond.ch\/recettes\/wp-content\/uploads\/2020\/04\/20231231_144253-1-150x150.jpg 150w, https:\/\/simond.ch\/recettes\/wp-content\/uploads\/2020\/04\/20231231_144253-1-100x100.jpg 100w\" sizes=\"auto, 100vw\" \/><\/div><a class=\"wp-block-latest-posts__post-title\" href=\"https:\/\/simond.ch\/recettes\/pate-a-gateau-sablee\/\">P\u00e2te \u00e0 g\u00e2teau sabl\u00e9e \/ \u00e0 tartelettes<\/a><\/li>\n<li><div class=\"wp-block-latest-posts__featured-image alignleft\"><img loading=\"lazy\" decoding=\"async\" width=\"150\" height=\"150\" src=\"https:\/\/simond.ch\/recettes\/wp-content\/uploads\/2020\/04\/Pizza-150x150.jpg\" class=\"attachment-thumbnail size-thumbnail wp-post-image\" alt=\"\" style=\"\" srcset=\"https:\/\/simond.ch\/recettes\/wp-content\/uploads\/2020\/04\/Pizza-150x150.jpg 150w, https:\/\/simond.ch\/recettes\/wp-content\/uploads\/2020\/04\/Pizza-300x300.jpg 300w, https:\/\/simond.ch\/recettes\/wp-content\/uploads\/2020\/04\/Pizza-1024x1024.jpg 1024w, https:\/\/simond.ch\/recettes\/wp-content\/uploads\/2020\/04\/Pizza-768x768.jpg 768w, https:\/\/simond.ch\/recettes\/wp-content\/uploads\/2020\/04\/Pizza-1536x1536.jpg 1536w, https:\/\/simond.ch\/recettes\/wp-content\/uploads\/2020\/04\/Pizza-2048x2048.jpg 2048w, https:\/\/simond.ch\/recettes\/wp-content\/uploads\/2020\/04\/Pizza-100x100.jpg 100w\" sizes=\"auto, 100vw\" \/><\/div><a class=\"wp-block-latest-posts__post-title\" href=\"https:\/\/simond.ch\/recettes\/pate-a-pizza\/\">P\u00e2te \u00e0 pizza<\/a><\/li>\n<li><div class=\"wp-block-latest-posts__featured-image alignleft\"><img loading=\"lazy\" decoding=\"async\" width=\"150\" height=\"150\" src=\"https:\/\/simond.ch\/recettes\/wp-content\/uploads\/2020\/04\/IMG_20200508_063200-150x150.jpg\" class=\"attachment-thumbnail size-thumbnail wp-post-image\" alt=\"\" style=\"\" srcset=\"https:\/\/simond.ch\/recettes\/wp-content\/uploads\/2020\/04\/IMG_20200508_063200-150x150.jpg 150w, https:\/\/simond.ch\/recettes\/wp-content\/uploads\/2020\/04\/IMG_20200508_063200-100x100.jpg 100w\" sizes=\"auto, 100vw\" \/><\/div><a class=\"wp-block-latest-posts__post-title\" href=\"https:\/\/simond.ch\/recettes\/petits-pains\/\">Petits pains<\/a><\/li>\n<li><div class=\"wp-block-latest-posts__featured-image alignleft\"><img loading=\"lazy\" decoding=\"async\" width=\"150\" height=\"150\" src=\"https:\/\/simond.ch\/recettes\/wp-content\/uploads\/2020\/04\/IMG_20200403_221631-150x150.jpg\" class=\"attachment-thumbnail size-thumbnail wp-post-image\" alt=\"\" style=\"\" srcset=\"https:\/\/simond.ch\/recettes\/wp-content\/uploads\/2020\/04\/IMG_20200403_221631-150x150.jpg 150w, https:\/\/simond.ch\/recettes\/wp-content\/uploads\/2020\/04\/IMG_20200403_221631-100x100.jpg 100w\" sizes=\"auto, 100vw\" \/><\/div><a class=\"wp-block-latest-posts__post-title\" href=\"https:\/\/simond.ch\/recettes\/petits-pains-au-lait\/\">Petits pains au lait<\/a><\/li>\n<li><div class=\"wp-block-latest-posts__featured-image alignleft\"><img loading=\"lazy\" decoding=\"async\" width=\"150\" height=\"150\" src=\"https:\/\/simond.ch\/recettes\/wp-content\/uploads\/2020\/04\/blankCuisinier-150x150.png\" class=\"attachment-thumbnail size-thumbnail wp-post-image\" alt=\"\" style=\"\" srcset=\"https:\/\/simond.ch\/recettes\/wp-content\/uploads\/2020\/04\/blankCuisinier.png 150w, https:\/\/simond.ch\/recettes\/wp-content\/uploads\/2020\/04\/blankCuisinier-100x100.png 100w\" sizes=\"auto, 100vw\" \/><\/div><a class=\"wp-block-latest-posts__post-title\" href=\"https:\/\/simond.ch\/recettes\/recette-de-base-pour-la-pate-a-ravioli-nouilles\/\">Recette de base pour la p\u00e2te \u00e0 ravioli, nouilles, &#8230;<\/a><\/li>\n<li><div class=\"wp-block-latest-posts__featured-image alignleft\"><img loading=\"lazy\" decoding=\"async\" width=\"150\" height=\"150\" src=\"https:\/\/simond.ch\/recettes\/wp-content\/uploads\/2020\/04\/Spaetzli-150x150.jpg\" class=\"attachment-thumbnail size-thumbnail wp-post-image\" alt=\"\" style=\"\" srcset=\"https:\/\/simond.ch\/recettes\/wp-content\/uploads\/2020\/04\/Spaetzli-150x150.jpg 150w, https:\/\/simond.ch\/recettes\/wp-content\/uploads\/2020\/04\/Spaetzli-100x100.jpg 100w\" sizes=\"auto, 100vw\" \/><\/div><a class=\"wp-block-latest-posts__post-title\" href=\"https:\/\/simond.ch\/recettes\/spatzli\/\">Sp\u00e4tzli<\/a><\/li>\n<li><div class=\"wp-block-latest-posts__featured-image alignleft\"><img loading=\"lazy\" decoding=\"async\" width=\"150\" height=\"150\" src=\"https:\/\/simond.ch\/recettes\/wp-content\/uploads\/2020\/04\/IMG_20210411_093951-150x150.jpg\" class=\"attachment-thumbnail size-thumbnail wp-post-image\" alt=\"\" style=\"\" srcset=\"https:\/\/simond.ch\/recettes\/wp-content\/uploads\/2020\/04\/IMG_20210411_093951-150x150.jpg 150w, https:\/\/simond.ch\/recettes\/wp-content\/uploads\/2020\/04\/IMG_20210411_093951-100x100.jpg 100w\" sizes=\"auto, 100vw\" \/><\/div><a class=\"wp-block-latest-posts__post-title\" href=\"https:\/\/simond.ch\/recettes\/tresse-au-beurre\/\">Tresse au beurre<\/a><\/li>\n<\/ul>","protected":false},"excerpt":{"rendered":"","protected":false},"author":1,"featured_media":0,"parent":0,"menu_order":0,"comment_status":"closed","ping_status":"closed","template":"","meta":{"footnotes":""},"class_list":["post-28857","page","type-page","status-publish","hentry"],"_links":{"self":[{"href":"https:\/\/simond.ch\/recettes\/wp-json\/wp\/v2\/pages\/28857","targetHints":{"allow":["GET"]}}],"collection":[{"href":"https:\/\/simond.ch\/recettes\/wp-json\/wp\/v2\/pages"}],"about":[{"href":"https:\/\/simond.ch\/recettes\/wp-json\/wp\/v2\/types\/page"}],"author":[{"embeddable":true,"href":"https:\/\/simond.ch\/recettes\/wp-json\/wp\/v2\/users\/1"}],"replies":[{"embeddable":true,"href":"https:\/\/simond.ch\/recettes\/wp-json\/wp\/v2\/comments?post=28857"}],"version-history":[{"count":6,"href":"https:\/\/simond.ch\/recettes\/wp-json\/wp\/v2\/pages\/28857\/revisions"}],"predecessor-version":[{"id":29215,"href":"https:\/\/simond.ch\/recettes\/wp-json\/wp\/v2\/pages\/28857\/revisions\/29215"}],"wp:attachment":[{"href":"https:\/\/simond.ch\/recettes\/wp-json\/wp\/v2\/media?parent=28857"}],"curies":[{"name":"wp","href":"https:\/\/api.w.org\/{rel}","templated":true}]}}